{"id":1630,"date":"2026-02-04T09:23:10","date_gmt":"2026-02-04T09:23:10","guid":{"rendered":"http:\/\/dithertextil.com\/?page_id=1630"},"modified":"2026-02-04T09:29:28","modified_gmt":"2026-02-04T09:29:28","slug":"1630-2","status":"publish","type":"page","link":"http:\/\/dithertextil.com\/ca\/1630-2\/","title":{"rendered":"AVISO DE PRIVACIDAD"},"content":{"rendered":"<pre class=\"wp-block-preformatted\">AVISO DE PRIVACIDAD\n\nGerardo Luis Barros Moya, comercialmente conocido como Dither Textil, con domicilio en Avda. Baix Pened\u00e8s, 57, local 43700 El Vendrell, es el responsable del uso y protecci\u00f3n de sus datos personales.\n\nFINALIDADES PRIMARIAS\nLos datos personales que recabamos de usted, los utilizaremos para las siguientes finalidades que son necesarias para el servicio que solicita:\n\n\u2022 Respuesta a mensajes del formulario de contacto\n\nDATOS PERSONALES RECABADOS\nPara las finalidades se\u00f1aladas en el presente aviso de privacidad, podemos recabar sus datos de identificaci\u00f3n y contacto.\n\nDERECHOS ARCO\nUsted tiene derecho a conocer qu\u00e9 datos personales tenemos de usted, para qu\u00e9 los utilizamos y las condiciones del uso que les damos (Acceso). Asimismo, es su derecho solicitar la correcci\u00f3n de su informaci\u00f3n personal en caso de que est\u00e9 desactualizada, sea inexacta o incompleta (Rectificaci\u00f3n); que la eliminemos de nuestros registros o bases de datos cuando considere que la misma no est\u00e1 siendo utilizada adecuadamente (Cancelaci\u00f3n); as\u00ed como oponerse al uso de sus datos personales para fines espec\u00edficos (Oposici\u00f3n). Estos derechos se conocen como derechos ARCO.\n\nPara el ejercicio de cualquiera de los derechos ARCO, usted deber\u00e1 presentar la solicitud respectiva a trav\u00e9s de Al mismo correo de donde se envi\u00f3 la petici\u00f3n o consulta. La respuesta a su solicitud ser\u00e1 atendida en un plazo m\u00e1ximo de 15 d\u00edas h\u00e1biles.\n\nDATOS RECABADOS POR EL SITIO WEB\nNuestro sitio web recaba autom\u00e1ticamente los siguientes datos:\n\n\nCONTACTO\nPara m\u00e1s informaci\u00f3n sobre este aviso de privacidad, puede contactarnos en:\n\nCorreo electr\u00f3nico: info@dithertextil.com\nSitio web: www.dithertextil.com\n\n\u00daltima actualizaci\u00f3n: 4\/2\/2026<\/pre>","protected":false},"excerpt":{"rendered":"<p>AVISO DE PRIVACIDAD Gerardo Luis Barros Moya, comercialmente conocido como Dither Textil, con domicilio en Avda. Baix Pened\u00e8s, 57, local 43700 El Vendrell, es el responsable del uso y protecci\u00f3n de sus datos personales. FINALIDADES PRIMARIAS Los datos personales que recabamos de usted, los utilizaremos para las siguientes finalidades que son necesarias para el servicio&#8230;<\/p>","protected":false},"author":1,"featured_media":0,"parent":0,"menu_order":0,"comment_status":"closed","ping_status":"closed","template":"","meta":{"_kadence_starter_templates_imported_post":false,"_kad_post_transparent":"","_kad_post_title":"","_kad_post_layout":"","_kad_post_sidebar_id":"","_kad_post_content_style":"","_kad_post_vertical_padding":"","_kad_post_feature":"","_kad_post_feature_position":"","_kad_post_header":true,"_kad_post_footer":false,"_kad_post_classname":"","footnotes":""},"class_list":["post-1630","page","type-page","status-publish","hentry"],"_links":{"self":[{"href":"http:\/\/dithertextil.com\/ca\/wp-json\/wp\/v2\/pages\/1630","targetHints":{"allow":["GET"]}}],"collection":[{"href":"http:\/\/dithertextil.com\/ca\/wp-json\/wp\/v2\/pages"}],"about":[{"href":"http:\/\/dithertextil.com\/ca\/wp-json\/wp\/v2\/types\/page"}],"author":[{"embeddable":true,"href":"http:\/\/dithertextil.com\/ca\/wp-json\/wp\/v2\/users\/1"}],"replies":[{"embeddable":true,"href":"http:\/\/dithertextil.com\/ca\/wp-json\/wp\/v2\/comments?post=1630"}],"version-history":[{"count":3,"href":"http:\/\/dithertextil.com\/ca\/wp-json\/wp\/v2\/pages\/1630\/revisions"}],"predecessor-version":[{"id":1634,"href":"http:\/\/dithertextil.com\/ca\/wp-json\/wp\/v2\/pages\/1630\/revisions\/1634"}],"wp:attachment":[{"href":"http:\/\/dithertextil.com\/ca\/wp-json\/wp\/v2\/media?parent=1630"}],"curies":[{"name":"wp","href":"https:\/\/api.w.org\/{rel}","templated":true}]}}